{"id":788,"date":"2022-08-31T06:06:39","date_gmt":"2022-08-31T06:06:39","guid":{"rendered":"https:\/\/kodesolution.com\/2022\/fesho\/?page_id=788"},"modified":"2025-05-27T21:54:27","modified_gmt":"2025-05-28T00:54:27","slug":"blog","status":"publish","type":"page","link":"https:\/\/flyassessoriahabitacional.com.br\/index.php\/blog\/","title":{"rendered":"Blog"},"content":{"rendered":"\t\t<div data-elementor-type=\"wp-page\" data-elementor-id=\"788\" class=\"elementor elementor-788\">\n\t\t\t\t\t\t<section class=\"elementor-section elementor-top-section elementor-element elementor-element-0d84a9f elementor-section-stretched elementor-section-boxed elementor-section-height-default elementor-section-height-default tm-col-stretched-none tm-bg-color-over-image\" data-id=\"0d84a9f\" data-element_type=\"section\" data-settings=\"{&quot;stretch_section&quot;:&quot;section-stretched&quot;}\">\n\t\t\t\t\t\t<div class=\"elementor-container elementor-column-gap-extended\">\n\t\t\t\t\t<div class=\"elementor-column elementor-col-100 elementor-top-column elementor-element elementor-element-f2bf0d2 tm-bg-color-over-image\" data-id=\"f2bf0d2\" data-element_type=\"column\">\n\t\t\t<div class=\"elementor-widget-wrap elementor-element-populated\">\n\t\t\t\t\t\t<div class=\"elementor-element elementor-element-3819c7b elementor-widget elementor-widget-tm-ele-blog\" data-id=\"3819c7b\" data-element_type=\"widget\" data-widget_type=\"tm-ele-blog.skin-style-current-theme1\">\n\t\t\t\t<div class=\"elementor-widget-container\">\n\t\t\t\t\t\t<div class=\"tm-sc-blog tm-sc-blog-grid \">\r\n\t\t\r\n\t\r\n\t\t<!-- Isotope Gallery Grid -->\r\n\t\t<div id=\"blog-holder-334286\" class=\"isotope-layout grid-3 gutter-15 clearfix\">\r\n\t\t\t<div class=\"isotope-layout-inner\">\r\n\r\n\t\t\t\t<!-- the loop -->\r\n\t\t\t\t\t\t\t\t\t\t\t\t<div class=\"isotope-item casa-propria\">\r\n\t\t\t\t\t<div class=\"isotope-item-inner\">\r\n\t\t\t\t\t\t<article class=\"post-51000 post type-post status-publish format-standard has-post-thumbnail hentry category-casa-propria\">\r\n\t<!-- News Block -->\r\n<div class=\"blog-item-current-style1\">\r\n      <div class=\"entry-header\">\r\n      <div class=\"post-thumb lightgallery-lightbox\">\r\n\r\n\t<div class=\"post-thumb-inner\">\r\n\t\t<div class=\"thumb\">\r\n\t\t\t<img fetchpriority=\"high\" decoding=\"async\" src=\"https:\/\/flyassessoriahabitacional.com.br\/wp-content\/uploads\/2025\/05\/15.png\" width=\"440\" height=\"295\" alt=\"Como ter aprova\u00e7\u00e3o para comprar a casa pr\u00f3pria?\"\/>\r\n\t\t<\/div>\r\n\t<\/div>\r\n\t<\/div>    <\/div>\r\n    <div class=\"entry-content\">\r\n\r\n          \t<ul class=\"entry-meta list-inline\">\r\n\t\t\t\t<li class=\"list-inline-item posted-date\"><i class=\"fa fa-calendar-o\"><\/i> <a href=\"https:\/\/flyassessoriahabitacional.com.br\/index.php\/2025\/05\/14\/como-ter-aprovacao-para-comprar-a-casa-propria\/\" rel=\"bookmark\"><time class=\"entry-date published updated\" datetime=\"2025-05-14T08:45:03-03:00\">14 de maio de 2025<\/time><\/a><\/li>\r\n\t\t\t\t<li class=\"list-inline-item author\"><i class=\"fa fa-user-circle-o\"><\/i> <span class=\"byline\">Por <span class=\"author vcard\"><a class=\"url fn n\" href=\"https:\/\/flyassessoriahabitacional.com.br\/index.php\/author\/flyassessoria\/\" rel=\"author\">flyassessoria<\/a><\/span><\/span><\/li>\r\n\t\t<\/ul>\r\n\t    \r\n          <div class=\"title-holder\">\r\n        <h4 class=\"entry-title\"><a href=\"https:\/\/flyassessoriahabitacional.com.br\/index.php\/2025\/05\/14\/como-ter-aprovacao-para-comprar-a-casa-propria\/\" rel=\"bookmark\">Como ter aprova\u00e7\u00e3o para comprar a casa pr\u00f3pria?<\/a><\/h4>      <\/div>\r\n    \r\n    \r\n    \t\t\t<div class=\"btn-view-details post-btn-readmore \">\r\n    <a href=\"https:\/\/flyassessoriahabitacional.com.br\/index.php\/2025\/05\/14\/como-ter-aprovacao-para-comprar-a-casa-propria\/\"\r\n      class=\"btn btn-plain-text-with-arrow-right\">\r\n      Read More    <\/a>\r\n<\/div>    \r\n  <\/div>\r\n    <div class=\"clearfix\"><\/div>\r\n<\/div><\/article>\t\t\t\t\t<\/div>\r\n\t\t\t\t<\/div>\r\n\t\t\t\t\t\t\t\t<!-- end of the loop -->\r\n\t\t\t<\/div>\r\n\t\t<\/div>\r\n\t\t\t<\/div>\r\n\r\n\r\n\t\t\t\t<\/div>\n\t\t\t\t<\/div>\n\t\t\t\t\t<\/div>\n\t\t<\/div>\n\t\t\t\t\t<\/div>\n\t\t<\/section>\n\t\t\t\t<\/div>\n\t\t","protected":false},"excerpt":{"rendered":"<p>August 31, 2022 By ismail Top crypto exchange influencers in china Read More August 31, 2022 By ismail Necessity may&#8230;<\/p>\n","protected":false},"author":1,"featured_media":0,"parent":0,"menu_order":0,"comment_status":"closed","ping_status":"closed","template":"","meta":{"footnotes":""},"class_list":["post-788","page","type-page","status-publish","hentry"],"_links":{"self":[{"href":"https:\/\/flyassessoriahabitacional.com.br\/index.php\/wp-json\/wp\/v2\/pages\/788","targetHints":{"allow":["GET"]}}],"collection":[{"href":"https:\/\/flyassessoriahabitacional.com.br\/index.php\/wp-json\/wp\/v2\/pages"}],"about":[{"href":"https:\/\/flyassessoriahabitacional.com.br\/index.php\/wp-json\/wp\/v2\/types\/page"}],"author":[{"embeddable":true,"href":"https:\/\/flyassessoriahabitacional.com.br\/index.php\/wp-json\/wp\/v2\/users\/1"}],"replies":[{"embeddable":true,"href":"https:\/\/flyassessoriahabitacional.com.br\/index.php\/wp-json\/wp\/v2\/comments?post=788"}],"version-history":[{"count":1,"href":"https:\/\/flyassessoriahabitacional.com.br\/index.php\/wp-json\/wp\/v2\/pages\/788\/revisions"}],"predecessor-version":[{"id":50865,"href":"https:\/\/flyassessoriahabitacional.com.br\/index.php\/wp-json\/wp\/v2\/pages\/788\/revisions\/50865"}],"wp:attachment":[{"href":"https:\/\/flyassessoriahabitacional.com.br\/index.php\/wp-json\/wp\/v2\/media?parent=788"}],"curies":[{"name":"wp","href":"https:\/\/api.w.org\/{rel}","templated":true}]}}