{"id":4475,"date":"2022-09-06T11:27:37","date_gmt":"2022-09-06T11:27:37","guid":{"rendered":"https:\/\/kodesolution.com\/2022\/fesho\/?page_id=4475"},"modified":"2025-05-28T08:42:11","modified_gmt":"2025-05-28T11:42:11","slug":"depoimentos","status":"publish","type":"page","link":"https:\/\/flyassessoriahabitacional.com.br\/index.php\/depoimentos\/","title":{"rendered":"Depoimentos"},"content":{"rendered":"\t\t<div data-elementor-type=\"wp-page\" data-elementor-id=\"4475\" class=\"elementor elementor-4475\">\n\t\t\t\t\t\t<section class=\"elementor-section elementor-top-section elementor-element elementor-element-dce226c elementor-section-stretched elementor-section-boxed elementor-section-height-default elementor-section-height-default tm-col-stretched-none tm-bg-color-over-image\" data-id=\"dce226c\" data-element_type=\"section\" data-settings=\"{&quot;stretch_section&quot;:&quot;section-stretched&quot;,&quot;background_background&quot;:&quot;classic&quot;}\">\n\t\t\t\t\t\t<div class=\"elementor-container elementor-column-gap-extended\">\n\t\t\t\t\t<div class=\"elementor-column elementor-col-100 elementor-top-column elementor-element elementor-element-b04c349 tm-bg-color-over-image\" data-id=\"b04c349\" data-element_type=\"column\">\n\t\t\t<div class=\"elementor-widget-wrap elementor-element-populated\">\n\t\t\t\t\t\t<div class=\"elementor-element elementor-element-2cdb628 elementor-widget elementor-widget-tm-ele-cpt-testimonials\" data-id=\"2cdb628\" data-element_type=\"widget\" data-widget_type=\"tm-ele-cpt-testimonials.skin-style-current-theme3\">\n\t\t\t\t<div class=\"elementor-widget-container\">\n\t\t\t\t\t<div class=\"testimonial-block3 testimonial-section-three\">\r\n\t<div class=\"row\">\r\n\t\t\t<!-- Content Column -->\r\n\t\t\t<div class=\"content-column col-lg-6 col-md-12 col-sm-12 order-2\">\r\n\t\t\t\t\t<div class=\"inner-column\">\r\n\t\t\t\t\t\t\t<!-- Swiper -->\r\n\t\t\t\t\t\t\t<div class=\"swiper-container tm-sc-testimonials testimonial-block-three testimonial-content\">\r\n\t\t\t\t\t\t\t\t\t<div class=\"swiper-wrapper\">\r\n\t\t\t\t\t\t\t\t\t\t<!-- the loop -->\r\n\t\t\t\t\t\t\t\t\t\t\t\t\t\t\t\t\t\t\t\t<!-- Testimonial Block Two -->\r\n\t\t\t\t\t\t\t\t\t\t<div class=\"swiper-slide\">\r\n\t\t\t\t\t\t\t\t\t\t\t<div class=\"inner-box\">\r\n\t\t\t\t\t\t\t\t\t\t\t\t<div class=\"rating-box\">\r\n\t\t\t\t\t\t\t\t\t\t\t\t\t<div class=\"rating\">\r\n\t\t\t\t\t\t\t\t\t\t\t\t\t\t\t\t\t\t\t\t\t\t\t\t\t\t\t\t\t<div class=\"star-rating\">\r\n\t<span style=\"width: 100%\"><\/span>\r\n<\/div>\t\t\t\t\t\t\t\t\t\t\t\t\t\t\t\t\t\t\t\t\t\t\t\t\t\t\t<\/div>\r\n\t\t\t\t\t\t\t\t\t\t\t\t\t<span class=\"avg-review\">5 Reviews<\/span>\r\n\t\t\t\t\t\t\t\t\t\t\t\t<\/div>\r\n\t\t\t\t\t\t\t\t\t\t\t\t\t\t\t\t\t\t\t\t\t\t\t\t\t<div class=\"author-text\">\r\n\t\t\tAchei que ia ser mais uma burocracia imposs\u00edvel, mas com a Fly foi diferente. Atendimento humanizado, sem enrola\u00e7\u00e3o, e com um carinho que fez toda a diferen\u00e7a. Quando eu peguei a chave, parecia que a equipe toda tava comemorando comigo.\t<\/div>\t\t\t\t\t\t\t\t\t\t\t\t\r\n\t\t\t\t\t\t\t\t\t\t\t\t\t\t\t\t\t\t\t\t\t\t\t\t\t<h5 class=\"name\">Rodrigo S.<\/h5>\r\n\t\t\t\t\t\t\t\t\t\t\t\t\t\t\t\t\t\t\t\t\t\t\t<\/div>\r\n\t\t\t\t\t\t\t\t\t\t<\/div>\r\n\t\t\t\t\t\t\t\t\t\t\t\t\t\t\t\t\t\t\t\t<!-- Testimonial Block Two -->\r\n\t\t\t\t\t\t\t\t\t\t<div class=\"swiper-slide\">\r\n\t\t\t\t\t\t\t\t\t\t\t<div class=\"inner-box\">\r\n\t\t\t\t\t\t\t\t\t\t\t\t<div class=\"rating-box\">\r\n\t\t\t\t\t\t\t\t\t\t\t\t\t<div class=\"rating\">\r\n\t\t\t\t\t\t\t\t\t\t\t\t\t\t\t\t\t\t\t\t\t\t\t\t\t\t\t\t\t<div class=\"star-rating\">\r\n\t<span style=\"width: 100%\"><\/span>\r\n<\/div>\t\t\t\t\t\t\t\t\t\t\t\t\t\t\t\t\t\t\t\t\t\t\t\t\t\t\t<\/div>\r\n\t\t\t\t\t\t\t\t\t\t\t\t\t<span class=\"avg-review\">5 Reviews<\/span>\r\n\t\t\t\t\t\t\t\t\t\t\t\t<\/div>\r\n\t\t\t\t\t\t\t\t\t\t\t\t\t\t\t\t\t\t\t\t\t\t\t\t\t<div class=\"author-text\">\r\n\t\t\tEu sempre achei que comprar uma casa era coisa de novela, n\u00e3o pra mim. Mas a Fly me mostrou que era poss\u00edvel. Eles explicaram tudo com calma, me ajudaram com cada papel... e hoje t\u00f4 morando na minha casinha com meu filho. \u00c9 uma sensa\u00e7\u00e3o que n\u00e3o d\u00e1 pra descrever!\t<\/div>\t\t\t\t\t\t\t\t\t\t\t\t\r\n\t\t\t\t\t\t\t\t\t\t\t\t\t\t\t\t\t\t\t\t\t\t\t\t\t<h5 class=\"name\">Luciana M<\/h5>\r\n\t\t\t\t\t\t\t\t\t\t\t\t\t\t\t\t\t\t\t\t\t\t\t<\/div>\r\n\t\t\t\t\t\t\t\t\t\t<\/div>\r\n\t\t\t\t\t\t\t\t\t\t\t\t\t\t\t\t\t\t\t\t<!-- Testimonial Block Two -->\r\n\t\t\t\t\t\t\t\t\t\t<div class=\"swiper-slide\">\r\n\t\t\t\t\t\t\t\t\t\t\t<div class=\"inner-box\">\r\n\t\t\t\t\t\t\t\t\t\t\t\t<div class=\"rating-box\">\r\n\t\t\t\t\t\t\t\t\t\t\t\t\t<div class=\"rating\">\r\n\t\t\t\t\t\t\t\t\t\t\t\t\t\t\t\t\t\t\t\t\t\t\t\t\t\t\t\t\t<div class=\"star-rating\">\r\n\t<span style=\"width: 100%\"><\/span>\r\n<\/div>\t\t\t\t\t\t\t\t\t\t\t\t\t\t\t\t\t\t\t\t\t\t\t\t\t\t\t<\/div>\r\n\t\t\t\t\t\t\t\t\t\t\t\t\t<span class=\"avg-review\">5 Reviews<\/span>\r\n\t\t\t\t\t\t\t\t\t\t\t\t<\/div>\r\n\t\t\t\t\t\t\t\t\t\t\t\t\t\t\t\t\t\t\t\t\t\t\t\t\t<div class=\"author-text\">\r\n\t\t\tTentei financiamento por conta pr\u00f3pria e s\u00f3 levei n\u00e3o. A Fly entrou na minha vida no momento certo! Eles reorganizaram minha documenta\u00e7\u00e3o e em dois meses eu tava assinando o contrato. Profissionais incr\u00edveis e comprometidos de verdade.\t<\/div>\t\t\t\t\t\t\t\t\t\t\t\t\r\n\t\t\t\t\t\t\t\t\t\t\t\t\t\t\t\t\t\t\t\t\t\t\t\t\t<h5 class=\"name\">Juliano R<\/h5>\r\n\t\t\t\t\t\t\t\t\t\t\t\t\t\t\t\t\t\t\t\t\t\t\t<\/div>\r\n\t\t\t\t\t\t\t\t\t\t<\/div>\r\n\t\t\t\t\t\t\t\t\t\t\t\t\t\t\t\t\t\t\t\t<!-- end of the loop -->\r\n\t\t\t\t\t\t\t\t\t<\/div>\r\n\t\t\t\t\t\t\t<\/div>\r\n\r\n\t\t\t\t\t\t\t<div class=\"swiper-nav\">\r\n\t\t\t\t\t\t\t\t<div class=\"testi-button-prev\"><span class=\"fas fa-long-arrow-alt-left\"><\/span><\/div>\r\n\t\t\t\t\t\t\t\t<div class=\"testi-button-next\"><span class=\"fas fa-long-arrow-alt-right\"><\/span><\/div>\r\n\t\t\t\t\t\t\t<\/div>\r\n\t\t\t\t\t<\/div>\r\n\t\t\t<\/div>\r\n\r\n\t\t\t<div class=\"thumbs-column col-lg-6 col-md-12 col-sm-12\">\r\n\t\t\t\t<div class=\"inner-column\">\r\n\t\t\t\t\t<!-- Testimonial Thumbs -->\r\n\t\t\t\t\t<div class=\"swiper-container testimonial-thumbs\">\r\n\t\t\t\t\t\t<div class=\"swiper-wrapper\">\r\n\t\t\t\t\t\t\t<!-- the loop -->\r\n\t\t\t\t\t\t\t\t\t\t\t\t\t\t\t<div class=\"swiper-slide testimonial-thumb\">\r\n\t\t\t\t\t\t\t\t\t\t\t\t\t\t\t\t\t\t\t<figure class=\"image\"><img decoding=\"async\" width=\"150\" height=\"150\" src=\"https:\/\/flyassessoriahabitacional.com.br\/wp-content\/uploads\/2023\/02\/testi-thumb1-150x150.jpg\" class=\"img-thumbnail wp-post-image\" alt=\"\" srcset=\"https:\/\/flyassessoriahabitacional.com.br\/wp-content\/uploads\/2023\/02\/testi-thumb1-150x150.jpg 150w, https:\/\/flyassessoriahabitacional.com.br\/wp-content\/uploads\/2023\/02\/testi-thumb1-100x100.jpg 100w\" sizes=\"(max-width: 150px) 100vw, 150px\" \/><\/figure>\r\n\t\t\t\t\t\t\t\t\t\r\n\t\t\t\t\t\t\t\t<\/div>\r\n\t\t\t\t\t\t\t\t\t\t\t\t\t\t\t<div class=\"swiper-slide testimonial-thumb\">\r\n\t\t\t\t\t\t\t\t\t\t\t\t\t\t\t\t\t\t\t<figure class=\"image\"><img decoding=\"async\" width=\"150\" height=\"150\" src=\"https:\/\/flyassessoriahabitacional.com.br\/wp-content\/uploads\/2023\/02\/testi-thumb3-150x150.jpg\" class=\"img-thumbnail wp-post-image\" alt=\"\" srcset=\"https:\/\/flyassessoriahabitacional.com.br\/wp-content\/uploads\/2023\/02\/testi-thumb3-150x150.jpg 150w, https:\/\/flyassessoriahabitacional.com.br\/wp-content\/uploads\/2023\/02\/testi-thumb3-100x100.jpg 100w\" sizes=\"(max-width: 150px) 100vw, 150px\" \/><\/figure>\r\n\t\t\t\t\t\t\t\t\t\r\n\t\t\t\t\t\t\t\t<\/div>\r\n\t\t\t\t\t\t\t\t\t\t\t\t\t\t\t<div class=\"swiper-slide testimonial-thumb\">\r\n\t\t\t\t\t\t\t\t\t\t\t\t\t\t\t\t\t\t\t<figure class=\"image\"><img decoding=\"async\" width=\"150\" height=\"150\" src=\"https:\/\/flyassessoriahabitacional.com.br\/wp-content\/uploads\/2022\/11\/testimonial-2-150x150.jpg\" class=\"img-thumbnail wp-post-image\" alt=\"\" srcset=\"https:\/\/flyassessoriahabitacional.com.br\/wp-content\/uploads\/2022\/11\/testimonial-2-150x150.jpg 150w, https:\/\/flyassessoriahabitacional.com.br\/wp-content\/uploads\/2022\/11\/testimonial-2-100x100.jpg 100w, https:\/\/flyassessoriahabitacional.com.br\/wp-content\/uploads\/2022\/11\/testimonial-2.jpg 230w\" sizes=\"(max-width: 150px) 100vw, 150px\" \/><\/figure>\r\n\t\t\t\t\t\t\t\t\t\r\n\t\t\t\t\t\t\t\t<\/div>\r\n\t\t\t\t\t\t\t\t\t\t\t\t\t\t<!-- end of the loop -->\r\n\t\t\t\t\t\t<\/div>\r\n\t\t\t\t\t<\/div>\r\n\t\t\t\t<\/div>\r\n\t\t\t<\/div>\r\n\t<\/div>\r\n<\/div>\r\n\t\t\t\t<\/div>\n\t\t\t\t<\/div>\n\t\t\t\t\t<\/div>\n\t\t<\/div>\n\t\t\t\t\t<\/div>\n\t\t<\/section>\n\t\t\t\t<\/div>\n\t\t","protected":false},"excerpt":{"rendered":"<p>5 Reviews Achei que ia ser mais uma burocracia imposs\u00edvel, mas com a Fly foi diferente. Atendimento humanizado, sem enrola\u00e7\u00e3o,&#8230;<\/p>\n","protected":false},"author":1,"featured_media":0,"parent":0,"menu_order":0,"comment_status":"closed","ping_status":"closed","template":"","meta":{"footnotes":""},"class_list":["post-4475","page","type-page","status-publish","hentry"],"_links":{"self":[{"href":"https:\/\/flyassessoriahabitacional.com.br\/index.php\/wp-json\/wp\/v2\/pages\/4475","targetHints":{"allow":["GET"]}}],"collection":[{"href":"https:\/\/flyassessoriahabitacional.com.br\/index.php\/wp-json\/wp\/v2\/pages"}],"about":[{"href":"https:\/\/flyassessoriahabitacional.com.br\/index.php\/wp-json\/wp\/v2\/types\/page"}],"author":[{"embeddable":true,"href":"https:\/\/flyassessoriahabitacional.com.br\/index.php\/wp-json\/wp\/v2\/users\/1"}],"replies":[{"embeddable":true,"href":"https:\/\/flyassessoriahabitacional.com.br\/index.php\/wp-json\/wp\/v2\/comments?post=4475"}],"version-history":[{"count":5,"href":"https:\/\/flyassessoriahabitacional.com.br\/index.php\/wp-json\/wp\/v2\/pages\/4475\/revisions"}],"predecessor-version":[{"id":50992,"href":"https:\/\/flyassessoriahabitacional.com.br\/index.php\/wp-json\/wp\/v2\/pages\/4475\/revisions\/50992"}],"wp:attachment":[{"href":"https:\/\/flyassessoriahabitacional.com.br\/index.php\/wp-json\/wp\/v2\/media?parent=4475"}],"curies":[{"name":"wp","href":"https:\/\/api.w.org\/{rel}","templated":true}]}}